{"id":9,"date":"2018-10-15T16:12:28","date_gmt":"2018-10-15T16:12:28","guid":{"rendered":"http:\/\/vogt-gravuren.ch\/?page_id=9"},"modified":"2023-12-24T18:46:07","modified_gmt":"2023-12-24T18:46:07","slug":"angebot-schilder","status":"publish","type":"page","link":"https:\/\/vogt-gravuren.ch\/?page_id=9","title":{"rendered":"Angebot Schilder"},"content":{"rendered":"<p><img loading=\"lazy\" decoding=\"async\" class=\"size-medium wp-image-52 alignleft\" src=\"https:\/\/vogt-gravuren.ch\/wp-content\/uploads\/2018\/10\/LogoNamensschilder-300x100.jpg\" alt=\"\" width=\"300\" height=\"100\" srcset=\"https:\/\/vogt-gravuren.ch\/wp-content\/uploads\/2018\/10\/LogoNamensschilder-300x100.jpg 300w, https:\/\/vogt-gravuren.ch\/wp-content\/uploads\/2018\/10\/LogoNamensschilder-768x257.jpg 768w, https:\/\/vogt-gravuren.ch\/wp-content\/uploads\/2018\/10\/LogoNamensschilder-1024x343.jpg 1024w\" sizes=\"auto, (max-width: 300px) 100vw, 300px\" \/><\/p>\n<p><img loading=\"lazy\" decoding=\"async\" class=\"wp-image-116 size-medium alignnone\" src=\"https:\/\/vogt-gravuren.ch\/wp-content\/uploads\/2018\/12\/Briefkastenanlage_2-300x263.jpg\" alt=\"\" width=\"300\" height=\"263\" srcset=\"https:\/\/vogt-gravuren.ch\/wp-content\/uploads\/2018\/12\/Briefkastenanlage_2-300x263.jpg 300w, https:\/\/vogt-gravuren.ch\/wp-content\/uploads\/2018\/12\/Briefkastenanlage_2-768x673.jpg 768w, https:\/\/vogt-gravuren.ch\/wp-content\/uploads\/2018\/12\/Briefkastenanlage_2-1024x897.jpg 1024w\" sizes=\"auto, (max-width: 300px) 100vw, 300px\" \/><\/p>\n<p>Vogt Gravuren<br \/>Ihr zuverl\u00e4ssiger Partner f\u00fcr Gravuren von Namensschilder aller Art.<\/p>\n<p>Sonnerie-, Wohnungst\u00fcr- und Briefkastenschilder k\u00f6nnen mit der Angabe des Systems oder Gr\u00f6ssen und Materialangabe zur Gravur bestellt werden. Bei uns ist eine Grosse Auswahl an Profilen an Lager. Dadurch verk\u00fcrzen sich die Lieferfristen. Ebenfalls haben wir die meisten Briefkasten- und Sonnerieabdeckungen am Lager.<\/p>\n<p>Wir bieten Schilder aller Marken:<\/p>\n<ul>\n<li>Schweizer<\/li>\n<li>Huber AG<\/li>\n<li>Renz<\/li>\n<li>Kehrer<\/li>\n<li>Stebler<\/li>\n<li>Norm AG<\/li>\n<li>S. Keller AG<\/li>\n<li>Swiss BOX<\/li>\n<li>Alubox<\/li>\n<li>Alumhaus<\/li>\n<li>usw.<\/li>\n<\/ul>\n<p><a href=\"https:\/\/vogt-gravuren.ch\/wp-content\/uploads\/2020\/01\/Briefkastenschilder-und-Sonnerie-Schilder-2.pdf\">Briefkastenschilder und Sonnerie Schilder<\/a><\/p>\n<p>F\u00fcr eine Beratung und die Schilder-Gravur steht Ihnen gerne Petra Vogt zur Verf\u00fcgung.<\/p>\n<p><img loading=\"lazy\" decoding=\"async\" class=\"wp-image-88  alignleft\" src=\"https:\/\/vogt-gravuren.ch\/wp-content\/uploads\/2018\/10\/Schilder-roter-untergrund-300x242.jpg\" alt=\"\" width=\"368\" height=\"297\" srcset=\"https:\/\/vogt-gravuren.ch\/wp-content\/uploads\/2018\/10\/Schilder-roter-untergrund-300x242.jpg 300w, https:\/\/vogt-gravuren.ch\/wp-content\/uploads\/2018\/10\/Schilder-roter-untergrund-768x620.jpg 768w, https:\/\/vogt-gravuren.ch\/wp-content\/uploads\/2018\/10\/Schilder-roter-untergrund-1024x826.jpg 1024w\" sizes=\"auto, (max-width: 368px) 100vw, 368px\" \/><\/p>\n<p><img loading=\"lazy\" decoding=\"async\" class=\"wp-image-87 aligncenter\" src=\"https:\/\/vogt-gravuren.ch\/wp-content\/uploads\/2018\/10\/Schilder-weisser-Untergrund-300x200.jpg\" alt=\"\" width=\"363\" height=\"242\" srcset=\"https:\/\/vogt-gravuren.ch\/wp-content\/uploads\/2018\/10\/Schilder-weisser-Untergrund-300x200.jpg 300w, https:\/\/vogt-gravuren.ch\/wp-content\/uploads\/2018\/10\/Schilder-weisser-Untergrund-768x512.jpg 768w, https:\/\/vogt-gravuren.ch\/wp-content\/uploads\/2018\/10\/Schilder-weisser-Untergrund-1024x683.jpg 1024w\" sizes=\"auto, (max-width: 363px) 100vw, 363px\" \/><\/p>\n\n<div class=\"wp-block-image\">\n<figure class=\"aligncenter size-large is-resized\"><img loading=\"lazy\" decoding=\"async\" width=\"768\" height=\"1024\" src=\"https:\/\/vogt-gravuren.ch\/wp-content\/uploads\/2021\/05\/BK-und-Son-Schilder-768x1024.jpg\" alt=\"\" class=\"wp-image-238\" style=\"width:226px;height:301px\" srcset=\"https:\/\/vogt-gravuren.ch\/wp-content\/uploads\/2021\/05\/BK-und-Son-Schilder-768x1024.jpg 768w, https:\/\/vogt-gravuren.ch\/wp-content\/uploads\/2021\/05\/BK-und-Son-Schilder-225x300.jpg 225w, https:\/\/vogt-gravuren.ch\/wp-content\/uploads\/2021\/05\/BK-und-Son-Schilder-1152x1536.jpg 1152w, https:\/\/vogt-gravuren.ch\/wp-content\/uploads\/2021\/05\/BK-und-Son-Schilder-1536x2048.jpg 1536w, https:\/\/vogt-gravuren.ch\/wp-content\/uploads\/2021\/05\/BK-und-Son-Schilder-rotated.jpg 1732w\" sizes=\"auto, (max-width: 767px) 89vw, (max-width: 1000px) 54vw, (max-width: 1071px) 543px, 580px\" \/><\/figure>\n<\/div>\n\n\n<p><\/p>\n","protected":false},"excerpt":{"rendered":"<p>Vogt GravurenIhr zuverl\u00e4ssiger Partner f\u00fcr Gravuren von Namensschilder aller Art. Sonnerie-, Wohnungst\u00fcr- und Briefkastenschilder k\u00f6nnen mit der Angabe des Systems oder Gr\u00f6ssen und Materialangabe zur Gravur bestellt werden. Bei uns ist eine Grosse Auswahl an Profilen an Lager. Dadurch verk\u00fcrzen sich die Lieferfristen. Ebenfalls haben wir die meisten Briefkasten- und Sonnerieabdeckungen am Lager. Wir bieten &hellip; <\/p>\n<p class=\"link-more\"><a href=\"https:\/\/vogt-gravuren.ch\/?page_id=9\" class=\"more-link\"><span class=\"screen-reader-text\">\u201eAngebot Schilder\u201c <\/span>weiterlesen<\/a><\/p>\n","protected":false},"author":1,"featured_media":0,"parent":0,"menu_order":3,"comment_status":"closed","ping_status":"closed","template":"","meta":{"footnotes":""},"class_list":["post-9","page","type-page","status-publish","hentry"],"yoast_head":"<!-- This site is optimized with the Yoast SEO plugin v27.5 - https:\/\/yoast.com\/product\/yoast-seo-wordpress\/ -->\n<title>Angebot Schilder - Vogt Gravuren<\/title>\n<meta name=\"description\" content=\"Briefkastenschilder, Briefkastenschildgravur, Sonneriegravur, Huber Schild, Schweizer Schild, Kehrer Schild, Gravur, Gravieren\" \/>\n<meta name=\"robots\" content=\"index, follow, max-snippet:-1, max-image-preview:large, max-video-preview:-1\" \/>\n<link rel=\"canonical\" href=\"https:\/\/vogt-gravuren.ch\/?page_id=9\" \/>\n<meta property=\"og:locale\" content=\"de_DE\" \/>\n<meta property=\"og:type\" content=\"article\" \/>\n<meta property=\"og:title\" content=\"Angebot Schilder - Vogt Gravuren\" \/>\n<meta property=\"og:description\" content=\"Briefkastenschilder, Briefkastenschildgravur, Sonneriegravur, Huber Schild, Schweizer Schild, Kehrer Schild, Gravur, Gravieren\" \/>\n<meta property=\"og:url\" content=\"https:\/\/vogt-gravuren.ch\/?page_id=9\" \/>\n<meta property=\"og:site_name\" content=\"Vogt Gravuren\" \/>\n<meta property=\"article:modified_time\" content=\"2023-12-24T18:46:07+00:00\" \/>\n<meta property=\"og:image\" content=\"http:\/\/vogt-gravuren.ch\/wp-content\/uploads\/2018\/10\/LogoNamensschilder-300x100.jpg\" \/>\n<meta name=\"twitter:card\" content=\"summary_large_image\" \/>\n<meta name=\"twitter:label1\" content=\"Gesch\u00e4tzte Lesezeit\" \/>\n\t<meta name=\"twitter:data1\" content=\"2\u00a0Minuten\" \/>\n<script type=\"application\/ld+json\" class=\"yoast-schema-graph\">{\"@context\":\"https:\\\/\\\/schema.org\",\"@graph\":[{\"@type\":\"WebPage\",\"@id\":\"https:\\\/\\\/vogt-gravuren.ch\\\/?page_id=9\",\"url\":\"https:\\\/\\\/vogt-gravuren.ch\\\/?page_id=9\",\"name\":\"Angebot Schilder - Vogt Gravuren\",\"isPartOf\":{\"@id\":\"https:\\\/\\\/vogt-gravuren.ch\\\/#website\"},\"primaryImageOfPage\":{\"@id\":\"https:\\\/\\\/vogt-gravuren.ch\\\/?page_id=9#primaryimage\"},\"image\":{\"@id\":\"https:\\\/\\\/vogt-gravuren.ch\\\/?page_id=9#primaryimage\"},\"thumbnailUrl\":\"http:\\\/\\\/vogt-gravuren.ch\\\/wp-content\\\/uploads\\\/2018\\\/10\\\/LogoNamensschilder-300x100.jpg\",\"datePublished\":\"2018-10-15T16:12:28+00:00\",\"dateModified\":\"2023-12-24T18:46:07+00:00\",\"description\":\"Briefkastenschilder, Briefkastenschildgravur, Sonneriegravur, Huber Schild, Schweizer Schild, Kehrer Schild, Gravur, Gravieren\",\"breadcrumb\":{\"@id\":\"https:\\\/\\\/vogt-gravuren.ch\\\/?page_id=9#breadcrumb\"},\"inLanguage\":\"de\",\"potentialAction\":[{\"@type\":\"ReadAction\",\"target\":[\"https:\\\/\\\/vogt-gravuren.ch\\\/?page_id=9\"]}]},{\"@type\":\"ImageObject\",\"inLanguage\":\"de\",\"@id\":\"https:\\\/\\\/vogt-gravuren.ch\\\/?page_id=9#primaryimage\",\"url\":\"http:\\\/\\\/vogt-gravuren.ch\\\/wp-content\\\/uploads\\\/2018\\\/10\\\/LogoNamensschilder-300x100.jpg\",\"contentUrl\":\"http:\\\/\\\/vogt-gravuren.ch\\\/wp-content\\\/uploads\\\/2018\\\/10\\\/LogoNamensschilder-300x100.jpg\"},{\"@type\":\"BreadcrumbList\",\"@id\":\"https:\\\/\\\/vogt-gravuren.ch\\\/?page_id=9#breadcrumb\",\"itemListElement\":[{\"@type\":\"ListItem\",\"position\":1,\"name\":\"Startseite\",\"item\":\"https:\\\/\\\/vogt-gravuren.ch\\\/\"},{\"@type\":\"ListItem\",\"position\":2,\"name\":\"Angebot Schilder\"}]},{\"@type\":\"WebSite\",\"@id\":\"https:\\\/\\\/vogt-gravuren.ch\\\/#website\",\"url\":\"https:\\\/\\\/vogt-gravuren.ch\\\/\",\"name\":\"Vogt Gravuren\",\"description\":\"Ihr zuverl\u00e4ssiger Partner f\u00fcr Gravuren aller Art in der Region\",\"publisher\":{\"@id\":\"https:\\\/\\\/vogt-gravuren.ch\\\/#organization\"},\"potentialAction\":[{\"@type\":\"SearchAction\",\"target\":{\"@type\":\"EntryPoint\",\"urlTemplate\":\"https:\\\/\\\/vogt-gravuren.ch\\\/?s={search_term_string}\"},\"query-input\":{\"@type\":\"PropertyValueSpecification\",\"valueRequired\":true,\"valueName\":\"search_term_string\"}}],\"inLanguage\":\"de\"},{\"@type\":\"Organization\",\"@id\":\"https:\\\/\\\/vogt-gravuren.ch\\\/#organization\",\"name\":\"Vogt Gravuren\",\"url\":\"https:\\\/\\\/vogt-gravuren.ch\\\/\",\"logo\":{\"@type\":\"ImageObject\",\"inLanguage\":\"de\",\"@id\":\"https:\\\/\\\/vogt-gravuren.ch\\\/#\\\/schema\\\/logo\\\/image\\\/\",\"url\":\"https:\\\/\\\/vogt-gravuren.ch\\\/wp-content\\\/uploads\\\/2018\\\/10\\\/cropped-LogoGravuren.jpg\",\"contentUrl\":\"https:\\\/\\\/vogt-gravuren.ch\\\/wp-content\\\/uploads\\\/2018\\\/10\\\/cropped-LogoGravuren.jpg\",\"width\":1062,\"height\":250,\"caption\":\"Vogt Gravuren\"},\"image\":{\"@id\":\"https:\\\/\\\/vogt-gravuren.ch\\\/#\\\/schema\\\/logo\\\/image\\\/\"}}]}<\/script>\n<!-- \/ Yoast SEO plugin. -->","yoast_head_json":{"title":"Angebot Schilder - Vogt Gravuren","description":"Briefkastenschilder, Briefkastenschildgravur, Sonneriegravur, Huber Schild, Schweizer Schild, Kehrer Schild, Gravur, Gravieren","robots":{"index":"index","follow":"follow","max-snippet":"max-snippet:-1","max-image-preview":"max-image-preview:large","max-video-preview":"max-video-preview:-1"},"canonical":"https:\/\/vogt-gravuren.ch\/?page_id=9","og_locale":"de_DE","og_type":"article","og_title":"Angebot Schilder - Vogt Gravuren","og_description":"Briefkastenschilder, Briefkastenschildgravur, Sonneriegravur, Huber Schild, Schweizer Schild, Kehrer Schild, Gravur, Gravieren","og_url":"https:\/\/vogt-gravuren.ch\/?page_id=9","og_site_name":"Vogt Gravuren","article_modified_time":"2023-12-24T18:46:07+00:00","og_image":[{"url":"http:\/\/vogt-gravuren.ch\/wp-content\/uploads\/2018\/10\/LogoNamensschilder-300x100.jpg","type":"","width":"","height":""}],"twitter_card":"summary_large_image","twitter_misc":{"Gesch\u00e4tzte Lesezeit":"2\u00a0Minuten"},"schema":{"@context":"https:\/\/schema.org","@graph":[{"@type":"WebPage","@id":"https:\/\/vogt-gravuren.ch\/?page_id=9","url":"https:\/\/vogt-gravuren.ch\/?page_id=9","name":"Angebot Schilder - Vogt Gravuren","isPartOf":{"@id":"https:\/\/vogt-gravuren.ch\/#website"},"primaryImageOfPage":{"@id":"https:\/\/vogt-gravuren.ch\/?page_id=9#primaryimage"},"image":{"@id":"https:\/\/vogt-gravuren.ch\/?page_id=9#primaryimage"},"thumbnailUrl":"http:\/\/vogt-gravuren.ch\/wp-content\/uploads\/2018\/10\/LogoNamensschilder-300x100.jpg","datePublished":"2018-10-15T16:12:28+00:00","dateModified":"2023-12-24T18:46:07+00:00","description":"Briefkastenschilder, Briefkastenschildgravur, Sonneriegravur, Huber Schild, Schweizer Schild, Kehrer Schild, Gravur, Gravieren","breadcrumb":{"@id":"https:\/\/vogt-gravuren.ch\/?page_id=9#breadcrumb"},"inLanguage":"de","potentialAction":[{"@type":"ReadAction","target":["https:\/\/vogt-gravuren.ch\/?page_id=9"]}]},{"@type":"ImageObject","inLanguage":"de","@id":"https:\/\/vogt-gravuren.ch\/?page_id=9#primaryimage","url":"http:\/\/vogt-gravuren.ch\/wp-content\/uploads\/2018\/10\/LogoNamensschilder-300x100.jpg","contentUrl":"http:\/\/vogt-gravuren.ch\/wp-content\/uploads\/2018\/10\/LogoNamensschilder-300x100.jpg"},{"@type":"BreadcrumbList","@id":"https:\/\/vogt-gravuren.ch\/?page_id=9#breadcrumb","itemListElement":[{"@type":"ListItem","position":1,"name":"Startseite","item":"https:\/\/vogt-gravuren.ch\/"},{"@type":"ListItem","position":2,"name":"Angebot Schilder"}]},{"@type":"WebSite","@id":"https:\/\/vogt-gravuren.ch\/#website","url":"https:\/\/vogt-gravuren.ch\/","name":"Vogt Gravuren","description":"Ihr zuverl\u00e4ssiger Partner f\u00fcr Gravuren aller Art in der Region","publisher":{"@id":"https:\/\/vogt-gravuren.ch\/#organization"},"potentialAction":[{"@type":"SearchAction","target":{"@type":"EntryPoint","urlTemplate":"https:\/\/vogt-gravuren.ch\/?s={search_term_string}"},"query-input":{"@type":"PropertyValueSpecification","valueRequired":true,"valueName":"search_term_string"}}],"inLanguage":"de"},{"@type":"Organization","@id":"https:\/\/vogt-gravuren.ch\/#organization","name":"Vogt Gravuren","url":"https:\/\/vogt-gravuren.ch\/","logo":{"@type":"ImageObject","inLanguage":"de","@id":"https:\/\/vogt-gravuren.ch\/#\/schema\/logo\/image\/","url":"https:\/\/vogt-gravuren.ch\/wp-content\/uploads\/2018\/10\/cropped-LogoGravuren.jpg","contentUrl":"https:\/\/vogt-gravuren.ch\/wp-content\/uploads\/2018\/10\/cropped-LogoGravuren.jpg","width":1062,"height":250,"caption":"Vogt Gravuren"},"image":{"@id":"https:\/\/vogt-gravuren.ch\/#\/schema\/logo\/image\/"}}]}},"_links":{"self":[{"href":"https:\/\/vogt-gravuren.ch\/index.php?rest_route=\/wp\/v2\/pages\/9","targetHints":{"allow":["GET"]}}],"collection":[{"href":"https:\/\/vogt-gravuren.ch\/index.php?rest_route=\/wp\/v2\/pages"}],"about":[{"href":"https:\/\/vogt-gravuren.ch\/index.php?rest_route=\/wp\/v2\/types\/page"}],"author":[{"embeddable":true,"href":"https:\/\/vogt-gravuren.ch\/index.php?rest_route=\/wp\/v2\/users\/1"}],"replies":[{"embeddable":true,"href":"https:\/\/vogt-gravuren.ch\/index.php?rest_route=%2Fwp%2Fv2%2Fcomments&post=9"}],"version-history":[{"count":33,"href":"https:\/\/vogt-gravuren.ch\/index.php?rest_route=\/wp\/v2\/pages\/9\/revisions"}],"predecessor-version":[{"id":402,"href":"https:\/\/vogt-gravuren.ch\/index.php?rest_route=\/wp\/v2\/pages\/9\/revisions\/402"}],"wp:attachment":[{"href":"https:\/\/vogt-gravuren.ch\/index.php?rest_route=%2Fwp%2Fv2%2Fmedia&parent=9"}],"curies":[{"name":"wp","href":"https:\/\/api.w.org\/{rel}","templated":true}]}}