{"id":4,"date":"2018-10-15T16:01:54","date_gmt":"2018-10-15T16:01:54","guid":{"rendered":"http:\/\/vogt-gravuren.ch\/?page_id=4"},"modified":"2023-12-24T18:30:59","modified_gmt":"2023-12-24T18:30:59","slug":"home","status":"publish","type":"page","link":"https:\/\/vogt-gravuren.ch\/","title":{"rendered":"Home"},"content":{"rendered":"<p style=\"text-align: left;\">Vogt Gravuren bietet Ihnen Gravuren von Namensschilder, Sonnerie-, Wohnungst\u00fcr- und Briefkastenschilder an.\u00a0\u00a0Eine Gro\u00dfe Auswahl von Artikeln befindet sich direkt bei uns im Lager. Dadurch sind kurze Lieferfristen garantiert. Auf Wunsch montieren wir Ihnen die Schilder vor Ort.<\/p>\n<p style=\"text-align: left;\"><strong>Im Sortiment:<\/strong><\/p>\n<ul>\n<li><strong>Briefkasten-, Sonnerie-, und Wohnungst\u00fcrschilder<\/strong><\/li>\n<li><strong>Zusatzschilder f\u00fcr den Briefkasten<\/strong> (Die optimale L\u00f6sung um mehrere Firmen auf dem Briefkasten zu beschriften.)<\/li>\n<li><strong style=\"font-size: 1rem;\">Parkplatzschilder und Parkplatzschildhalter<\/strong><\/li>\n<li><strong>Wand- und T\u00fcrbeschriftungsschilder<\/strong><\/li>\n<li><strong>Schildertr\u00e4ger f\u00fcr Rohrleitungen<\/strong><\/li>\n<li><strong>Schildertr\u00e4ger zur Kennzeichnung elektrischer Leitungen<\/strong><\/li>\n<li><strong>Schauk\u00e4sten f\u00fcr das Treppenhaus<\/strong><\/li>\n<\/ul>\n<p><img loading=\"lazy\" decoding=\"async\" class=\"wp-image-70 size-large alignleft\" src=\"https:\/\/vogt-gravuren.ch\/wp-content\/uploads\/2018\/10\/LogoGravuren-1024x241.jpg\" alt=\"\" width=\"525\" height=\"124\" srcset=\"https:\/\/vogt-gravuren.ch\/wp-content\/uploads\/2018\/10\/LogoGravuren-1024x241.jpg 1024w, https:\/\/vogt-gravuren.ch\/wp-content\/uploads\/2018\/10\/LogoGravuren-300x71.jpg 300w, https:\/\/vogt-gravuren.ch\/wp-content\/uploads\/2018\/10\/LogoGravuren-768x181.jpg 768w\" sizes=\"auto, (max-width: 525px) 100vw, 525px\" \/><\/p>\n<p style=\"text-align: left;\">\u00a0<\/p>\n\n\n<p><\/p>\n","protected":false},"excerpt":{"rendered":"<p>Vogt Gravuren bietet Ihnen Gravuren von Namensschilder, Sonnerie-, Wohnungst\u00fcr- und Briefkastenschilder an.\u00a0\u00a0Eine Gro\u00dfe Auswahl von Artikeln befindet sich direkt bei uns im Lager. Dadurch sind kurze Lieferfristen garantiert. Auf Wunsch montieren wir Ihnen die Schilder vor Ort. Im Sortiment: Briefkasten-, Sonnerie-, und Wohnungst\u00fcrschilder Zusatzschilder f\u00fcr den Briefkasten (Die optimale L\u00f6sung um mehrere Firmen auf dem &hellip; <\/p>\n<p class=\"link-more\"><a href=\"https:\/\/vogt-gravuren.ch\/\" class=\"more-link\"><span class=\"screen-reader-text\">\u201eHome\u201c <\/span>weiterlesen<\/a><\/p>\n","protected":false},"author":1,"featured_media":0,"parent":0,"menu_order":1,"comment_status":"closed","ping_status":"closed","template":"","meta":{"footnotes":""},"class_list":["post-4","page","type-page","status-publish","hentry"],"yoast_head":"<!-- This site is optimized with the Yoast SEO plugin v27.3 - https:\/\/yoast.com\/product\/yoast-seo-wordpress\/ -->\n<title>Vogt Gravuren - Vogt Gravuren<\/title>\n<meta name=\"description\" content=\"Briefkastenbeschriftung, Gravuren, Gravur, Parkplatzschilder, Parkplatzschildhalter, Sonneriegravuren, Briefkastenschilder, Namensschilder, T\u00fcrschilder, Parkplatzschild Halter, Briefkasten\" \/>\n<meta name=\"robots\" content=\"index, follow, max-snippet:-1, max-image-preview:large, max-video-preview:-1\" \/>\n<link rel=\"canonical\" href=\"https:\/\/vogt-gravuren.ch\/\" \/>\n<meta property=\"og:locale\" content=\"de_DE\" \/>\n<meta property=\"og:type\" content=\"article\" \/>\n<meta property=\"og:title\" content=\"Vogt Gravuren - Vogt Gravuren\" \/>\n<meta property=\"og:description\" content=\"Briefkastenbeschriftung, Gravuren, Gravur, Parkplatzschilder, Parkplatzschildhalter, Sonneriegravuren, Briefkastenschilder, Namensschilder, T\u00fcrschilder, Parkplatzschild Halter, Briefkasten\" \/>\n<meta property=\"og:url\" content=\"https:\/\/vogt-gravuren.ch\/\" \/>\n<meta property=\"og:site_name\" content=\"Vogt Gravuren\" \/>\n<meta property=\"article:modified_time\" content=\"2023-12-24T18:30:59+00:00\" \/>\n<meta property=\"og:image\" content=\"http:\/\/vogt-gravuren.ch\/wp-content\/uploads\/2018\/10\/LogoGravuren-1024x241.jpg\" \/>\n<meta name=\"twitter:card\" content=\"summary_large_image\" \/>\n<meta name=\"twitter:label1\" content=\"Gesch\u00e4tzte Lesezeit\" \/>\n\t<meta name=\"twitter:data1\" content=\"1\u00a0Minute\" \/>\n<script type=\"application\/ld+json\" class=\"yoast-schema-graph\">{\"@context\":\"https:\\\/\\\/schema.org\",\"@graph\":[{\"@type\":\"WebPage\",\"@id\":\"https:\\\/\\\/vogt-gravuren.ch\\\/\",\"url\":\"https:\\\/\\\/vogt-gravuren.ch\\\/\",\"name\":\"Vogt Gravuren - Vogt Gravuren\",\"isPartOf\":{\"@id\":\"https:\\\/\\\/vogt-gravuren.ch\\\/#website\"},\"primaryImageOfPage\":{\"@id\":\"https:\\\/\\\/vogt-gravuren.ch\\\/#primaryimage\"},\"image\":{\"@id\":\"https:\\\/\\\/vogt-gravuren.ch\\\/#primaryimage\"},\"thumbnailUrl\":\"http:\\\/\\\/vogt-gravuren.ch\\\/wp-content\\\/uploads\\\/2018\\\/10\\\/LogoGravuren-1024x241.jpg\",\"datePublished\":\"2018-10-15T16:01:54+00:00\",\"dateModified\":\"2023-12-24T18:30:59+00:00\",\"description\":\"Briefkastenbeschriftung, Gravuren, Gravur, Parkplatzschilder, Parkplatzschildhalter, Sonneriegravuren, Briefkastenschilder, Namensschilder, T\u00fcrschilder, Parkplatzschild Halter, Briefkasten\",\"breadcrumb\":{\"@id\":\"https:\\\/\\\/vogt-gravuren.ch\\\/#breadcrumb\"},\"inLanguage\":\"de\",\"potentialAction\":[{\"@type\":\"ReadAction\",\"target\":[\"https:\\\/\\\/vogt-gravuren.ch\\\/\"]}]},{\"@type\":\"ImageObject\",\"inLanguage\":\"de\",\"@id\":\"https:\\\/\\\/vogt-gravuren.ch\\\/#primaryimage\",\"url\":\"http:\\\/\\\/vogt-gravuren.ch\\\/wp-content\\\/uploads\\\/2018\\\/10\\\/LogoGravuren-1024x241.jpg\",\"contentUrl\":\"http:\\\/\\\/vogt-gravuren.ch\\\/wp-content\\\/uploads\\\/2018\\\/10\\\/LogoGravuren-1024x241.jpg\"},{\"@type\":\"BreadcrumbList\",\"@id\":\"https:\\\/\\\/vogt-gravuren.ch\\\/#breadcrumb\",\"itemListElement\":[{\"@type\":\"ListItem\",\"position\":1,\"name\":\"Startseite\",\"item\":\"https:\\\/\\\/vogt-gravuren.ch\\\/\"},{\"@type\":\"ListItem\",\"position\":2,\"name\":\"Home\"}]},{\"@type\":\"WebSite\",\"@id\":\"https:\\\/\\\/vogt-gravuren.ch\\\/#website\",\"url\":\"https:\\\/\\\/vogt-gravuren.ch\\\/\",\"name\":\"Vogt Gravuren\",\"description\":\"Ihr zuverl\u00e4ssiger Partner f\u00fcr Gravuren aller Art in der Region\",\"publisher\":{\"@id\":\"https:\\\/\\\/vogt-gravuren.ch\\\/#organization\"},\"potentialAction\":[{\"@type\":\"SearchAction\",\"target\":{\"@type\":\"EntryPoint\",\"urlTemplate\":\"https:\\\/\\\/vogt-gravuren.ch\\\/?s={search_term_string}\"},\"query-input\":{\"@type\":\"PropertyValueSpecification\",\"valueRequired\":true,\"valueName\":\"search_term_string\"}}],\"inLanguage\":\"de\"},{\"@type\":\"Organization\",\"@id\":\"https:\\\/\\\/vogt-gravuren.ch\\\/#organization\",\"name\":\"Vogt Gravuren\",\"url\":\"https:\\\/\\\/vogt-gravuren.ch\\\/\",\"logo\":{\"@type\":\"ImageObject\",\"inLanguage\":\"de\",\"@id\":\"https:\\\/\\\/vogt-gravuren.ch\\\/#\\\/schema\\\/logo\\\/image\\\/\",\"url\":\"https:\\\/\\\/vogt-gravuren.ch\\\/wp-content\\\/uploads\\\/2018\\\/10\\\/cropped-LogoGravuren.jpg\",\"contentUrl\":\"https:\\\/\\\/vogt-gravuren.ch\\\/wp-content\\\/uploads\\\/2018\\\/10\\\/cropped-LogoGravuren.jpg\",\"width\":1062,\"height\":250,\"caption\":\"Vogt Gravuren\"},\"image\":{\"@id\":\"https:\\\/\\\/vogt-gravuren.ch\\\/#\\\/schema\\\/logo\\\/image\\\/\"}}]}<\/script>\n<!-- \/ Yoast SEO plugin. -->","yoast_head_json":{"title":"Vogt Gravuren - Vogt Gravuren","description":"Briefkastenbeschriftung, Gravuren, Gravur, Parkplatzschilder, Parkplatzschildhalter, Sonneriegravuren, Briefkastenschilder, Namensschilder, T\u00fcrschilder, Parkplatzschild Halter, Briefkasten","robots":{"index":"index","follow":"follow","max-snippet":"max-snippet:-1","max-image-preview":"max-image-preview:large","max-video-preview":"max-video-preview:-1"},"canonical":"https:\/\/vogt-gravuren.ch\/","og_locale":"de_DE","og_type":"article","og_title":"Vogt Gravuren - Vogt Gravuren","og_description":"Briefkastenbeschriftung, Gravuren, Gravur, Parkplatzschilder, Parkplatzschildhalter, Sonneriegravuren, Briefkastenschilder, Namensschilder, T\u00fcrschilder, Parkplatzschild Halter, Briefkasten","og_url":"https:\/\/vogt-gravuren.ch\/","og_site_name":"Vogt Gravuren","article_modified_time":"2023-12-24T18:30:59+00:00","og_image":[{"url":"http:\/\/vogt-gravuren.ch\/wp-content\/uploads\/2018\/10\/LogoGravuren-1024x241.jpg","type":"","width":"","height":""}],"twitter_card":"summary_large_image","twitter_misc":{"Gesch\u00e4tzte Lesezeit":"1\u00a0Minute"},"schema":{"@context":"https:\/\/schema.org","@graph":[{"@type":"WebPage","@id":"https:\/\/vogt-gravuren.ch\/","url":"https:\/\/vogt-gravuren.ch\/","name":"Vogt Gravuren - Vogt Gravuren","isPartOf":{"@id":"https:\/\/vogt-gravuren.ch\/#website"},"primaryImageOfPage":{"@id":"https:\/\/vogt-gravuren.ch\/#primaryimage"},"image":{"@id":"https:\/\/vogt-gravuren.ch\/#primaryimage"},"thumbnailUrl":"http:\/\/vogt-gravuren.ch\/wp-content\/uploads\/2018\/10\/LogoGravuren-1024x241.jpg","datePublished":"2018-10-15T16:01:54+00:00","dateModified":"2023-12-24T18:30:59+00:00","description":"Briefkastenbeschriftung, Gravuren, Gravur, Parkplatzschilder, Parkplatzschildhalter, Sonneriegravuren, Briefkastenschilder, Namensschilder, T\u00fcrschilder, Parkplatzschild Halter, Briefkasten","breadcrumb":{"@id":"https:\/\/vogt-gravuren.ch\/#breadcrumb"},"inLanguage":"de","potentialAction":[{"@type":"ReadAction","target":["https:\/\/vogt-gravuren.ch\/"]}]},{"@type":"ImageObject","inLanguage":"de","@id":"https:\/\/vogt-gravuren.ch\/#primaryimage","url":"http:\/\/vogt-gravuren.ch\/wp-content\/uploads\/2018\/10\/LogoGravuren-1024x241.jpg","contentUrl":"http:\/\/vogt-gravuren.ch\/wp-content\/uploads\/2018\/10\/LogoGravuren-1024x241.jpg"},{"@type":"BreadcrumbList","@id":"https:\/\/vogt-gravuren.ch\/#breadcrumb","itemListElement":[{"@type":"ListItem","position":1,"name":"Startseite","item":"https:\/\/vogt-gravuren.ch\/"},{"@type":"ListItem","position":2,"name":"Home"}]},{"@type":"WebSite","@id":"https:\/\/vogt-gravuren.ch\/#website","url":"https:\/\/vogt-gravuren.ch\/","name":"Vogt Gravuren","description":"Ihr zuverl\u00e4ssiger Partner f\u00fcr Gravuren aller Art in der Region","publisher":{"@id":"https:\/\/vogt-gravuren.ch\/#organization"},"potentialAction":[{"@type":"SearchAction","target":{"@type":"EntryPoint","urlTemplate":"https:\/\/vogt-gravuren.ch\/?s={search_term_string}"},"query-input":{"@type":"PropertyValueSpecification","valueRequired":true,"valueName":"search_term_string"}}],"inLanguage":"de"},{"@type":"Organization","@id":"https:\/\/vogt-gravuren.ch\/#organization","name":"Vogt Gravuren","url":"https:\/\/vogt-gravuren.ch\/","logo":{"@type":"ImageObject","inLanguage":"de","@id":"https:\/\/vogt-gravuren.ch\/#\/schema\/logo\/image\/","url":"https:\/\/vogt-gravuren.ch\/wp-content\/uploads\/2018\/10\/cropped-LogoGravuren.jpg","contentUrl":"https:\/\/vogt-gravuren.ch\/wp-content\/uploads\/2018\/10\/cropped-LogoGravuren.jpg","width":1062,"height":250,"caption":"Vogt Gravuren"},"image":{"@id":"https:\/\/vogt-gravuren.ch\/#\/schema\/logo\/image\/"}}]}},"_links":{"self":[{"href":"https:\/\/vogt-gravuren.ch\/index.php?rest_route=\/wp\/v2\/pages\/4","targetHints":{"allow":["GET"]}}],"collection":[{"href":"https:\/\/vogt-gravuren.ch\/index.php?rest_route=\/wp\/v2\/pages"}],"about":[{"href":"https:\/\/vogt-gravuren.ch\/index.php?rest_route=\/wp\/v2\/types\/page"}],"author":[{"embeddable":true,"href":"https:\/\/vogt-gravuren.ch\/index.php?rest_route=\/wp\/v2\/users\/1"}],"replies":[{"embeddable":true,"href":"https:\/\/vogt-gravuren.ch\/index.php?rest_route=%2Fwp%2Fv2%2Fcomments&post=4"}],"version-history":[{"count":21,"href":"https:\/\/vogt-gravuren.ch\/index.php?rest_route=\/wp\/v2\/pages\/4\/revisions"}],"predecessor-version":[{"id":397,"href":"https:\/\/vogt-gravuren.ch\/index.php?rest_route=\/wp\/v2\/pages\/4\/revisions\/397"}],"wp:attachment":[{"href":"https:\/\/vogt-gravuren.ch\/index.php?rest_route=%2Fwp%2Fv2%2Fmedia&parent=4"}],"curies":[{"name":"wp","href":"https:\/\/api.w.org\/{rel}","templated":true}]}}