{"id":302,"date":"2021-12-27T13:12:00","date_gmt":"2021-12-27T13:12:00","guid":{"rendered":"https:\/\/vogt-gravuren.ch\/?page_id=302"},"modified":"2022-08-06T06:03:33","modified_gmt":"2022-08-06T06:03:33","slug":"impressum","status":"publish","type":"page","link":"https:\/\/vogt-gravuren.ch\/?page_id=302","title":{"rendered":"Impressum"},"content":{"rendered":"\n<p>Kontakt-Adresse<\/p>\n\n\n\n<p>Vogt Gravuren<br>Petra Vogt<br>Untergasse 15<br>8854 Galgenen<br>Schweiz<\/p>\n\n\n\n<p>E-Mail:<br><a href=\"mailto:info@vogt-gravuren.ch\" target=\"_blank\" rel=\"noreferrer noopener\">info@vogt-gravuren.ch<\/a><\/p>\n\n\n\n<p>Vertretungsberechtigte Person(en)<\/p>\n\n\n\n<p>Petra Vogt Gesch\u00e4ftsf\u00fchrerin<\/p>\n\n\n\n<p>Eingetragener Firmenname:<br>Vogt Gravuren<\/p>\n\n\n\n<p>Unternehmens-Nr (UID):<br>CHE-245.982.092<\/p>\n\n\n\n<p>Mehrwertsteuer-Nummer<br>nicht  mehrwertsteuerpflichtig<\/p>\n\n\n\n<p>Haftungsausschluss<\/p>\n\n\n\n<p>Der Autor \u00fcbernimmt keinerlei Gew\u00e4hr hinsichtlich der inhaltlichen Richtigkeit, Genauigkeit, Aktualit\u00e4t, Zuverl\u00e4ssigkeit und Vollst\u00e4ndigkeit der Informationen.<br>Haftungsanspr\u00fcche gegen den Autor wegen Sch\u00e4den materieller oder immaterieller Art, welche aus dem Zugriff oder der Nutzung bzw. Nichtnutzung der ver\u00f6ffentlichten Informationen, durch Missbrauch der Verbindung oder durch technische St\u00f6rungen entstanden sind, werden ausgeschlossen.<\/p>\n\n\n\n<p>Alle Angebote sind unverbindlich. Der Autor beh\u00e4lt es sich ausdr\u00fccklich vor, Teile der Seiten oder das gesamte Angebot ohne besondere Ank\u00fcndigung zu ver\u00e4ndern, zu erg\u00e4nzen, zu l\u00f6schen oder die Ver\u00f6ffentlichung zeitweise oder endg\u00fcltig einzustellen.<\/p>\n\n\n\n<p>Haftungsausschluss f\u00fcr Links<\/p>\n\n\n\n<p>Verweise und Links auf Webseiten Dritter liegen ausserhalb unseres Verantwortungsbereichs. Es wird jegliche Verantwortung f\u00fcr solche Webseiten abgelehnt. Der Zugriff und die Nutzung solcher Webseiten erfolgen auf eigene Gefahr des jeweiligen Nutzers.<\/p>\n\n\n\n<p>Urheberrechte<\/p>\n\n\n\n<p>Die Urheber- und alle anderen Rechte an Inhalten, Bildern, Fotos oder anderen Dateien auf dieser Website, geh\u00f6ren ausschliesslich Vogt Gravuren oder den speziell genannten Rechteinhabern. F\u00fcr die Reproduktion jeglicher Elemente ist die schriftliche Zustimmung des Urheberrechtstr\u00e4gers im Voraus einzuholen.<\/p>\n\n\n\n<p>Quelle: <a href=\"https:\/\/www.swissanwalt.ch\/default.aspx\" target=\"_blank\" rel=\"noreferrer noopener\">SwissAnwalt<\/a><\/p>\n","protected":false},"excerpt":{"rendered":"<p>Kontakt-Adresse Vogt GravurenPetra VogtUntergasse 158854 GalgenenSchweiz E-Mail:info@vogt-gravuren.ch Vertretungsberechtigte Person(en) Petra Vogt Gesch\u00e4ftsf\u00fchrerin Eingetragener Firmenname:Vogt Gravuren Unternehmens-Nr (UID):CHE-245.982.092 Mehrwertsteuer-Nummernicht mehrwertsteuerpflichtig Haftungsausschluss Der Autor \u00fcbernimmt keinerlei Gew\u00e4hr hinsichtlich der inhaltlichen Richtigkeit, Genauigkeit, Aktualit\u00e4t, Zuverl\u00e4ssigkeit und Vollst\u00e4ndigkeit der Informationen.Haftungsanspr\u00fcche gegen den Autor wegen Sch\u00e4den materieller oder immaterieller Art, welche aus dem Zugriff oder der Nutzung bzw. Nichtnutzung der &hellip; <\/p>\n<p class=\"link-more\"><a href=\"https:\/\/vogt-gravuren.ch\/?page_id=302\" class=\"more-link\"><span class=\"screen-reader-text\">\u201eImpressum\u201c <\/span>weiterlesen<\/a><\/p>\n","protected":false},"author":1,"featured_media":0,"parent":0,"menu_order":0,"comment_status":"closed","ping_status":"closed","template":"","meta":{"footnotes":""},"class_list":["post-302","page","type-page","status-publish","hentry"],"yoast_head":"<!-- This site is optimized with the Yoast SEO plugin v27.3 - https:\/\/yoast.com\/product\/yoast-seo-wordpress\/ -->\n<title>Impressum - Vogt Gravuren<\/title>\n<meta name=\"robots\" content=\"index, follow, max-snippet:-1, max-image-preview:large, max-video-preview:-1\" \/>\n<link rel=\"canonical\" href=\"https:\/\/vogt-gravuren.ch\/?page_id=302\" \/>\n<meta property=\"og:locale\" content=\"de_DE\" \/>\n<meta property=\"og:type\" content=\"article\" \/>\n<meta property=\"og:title\" content=\"Impressum - Vogt Gravuren\" \/>\n<meta property=\"og:description\" content=\"Kontakt-Adresse Vogt GravurenPetra VogtUntergasse 158854 GalgenenSchweiz E-Mail:info@vogt-gravuren.ch Vertretungsberechtigte Person(en) Petra Vogt Gesch\u00e4ftsf\u00fchrerin Eingetragener Firmenname:Vogt Gravuren Unternehmens-Nr (UID):CHE-245.982.092 Mehrwertsteuer-Nummernicht mehrwertsteuerpflichtig Haftungsausschluss Der Autor \u00fcbernimmt keinerlei Gew\u00e4hr hinsichtlich der inhaltlichen Richtigkeit, Genauigkeit, Aktualit\u00e4t, Zuverl\u00e4ssigkeit und Vollst\u00e4ndigkeit der Informationen.Haftungsanspr\u00fcche gegen den Autor wegen Sch\u00e4den materieller oder immaterieller Art, welche aus dem Zugriff oder der Nutzung bzw. Nichtnutzung der &hellip; \u201eImpressum\u201c weiterlesen\" \/>\n<meta property=\"og:url\" content=\"https:\/\/vogt-gravuren.ch\/?page_id=302\" \/>\n<meta property=\"og:site_name\" content=\"Vogt Gravuren\" \/>\n<meta property=\"article:modified_time\" content=\"2022-08-06T06:03:33+00:00\" \/>\n<meta name=\"twitter:card\" content=\"summary_large_image\" \/>\n<meta name=\"twitter:label1\" content=\"Gesch\u00e4tzte Lesezeit\" \/>\n\t<meta name=\"twitter:data1\" content=\"2\u00a0Minuten\" \/>\n<script type=\"application\/ld+json\" class=\"yoast-schema-graph\">{\"@context\":\"https:\\\/\\\/schema.org\",\"@graph\":[{\"@type\":\"WebPage\",\"@id\":\"https:\\\/\\\/vogt-gravuren.ch\\\/?page_id=302\",\"url\":\"https:\\\/\\\/vogt-gravuren.ch\\\/?page_id=302\",\"name\":\"Impressum - Vogt Gravuren\",\"isPartOf\":{\"@id\":\"https:\\\/\\\/vogt-gravuren.ch\\\/#website\"},\"datePublished\":\"2021-12-27T13:12:00+00:00\",\"dateModified\":\"2022-08-06T06:03:33+00:00\",\"breadcrumb\":{\"@id\":\"https:\\\/\\\/vogt-gravuren.ch\\\/?page_id=302#breadcrumb\"},\"inLanguage\":\"de\",\"potentialAction\":[{\"@type\":\"ReadAction\",\"target\":[\"https:\\\/\\\/vogt-gravuren.ch\\\/?page_id=302\"]}]},{\"@type\":\"BreadcrumbList\",\"@id\":\"https:\\\/\\\/vogt-gravuren.ch\\\/?page_id=302#breadcrumb\",\"itemListElement\":[{\"@type\":\"ListItem\",\"position\":1,\"name\":\"Startseite\",\"item\":\"https:\\\/\\\/vogt-gravuren.ch\\\/\"},{\"@type\":\"ListItem\",\"position\":2,\"name\":\"Impressum\"}]},{\"@type\":\"WebSite\",\"@id\":\"https:\\\/\\\/vogt-gravuren.ch\\\/#website\",\"url\":\"https:\\\/\\\/vogt-gravuren.ch\\\/\",\"name\":\"Vogt Gravuren\",\"description\":\"Ihr zuverl\u00e4ssiger Partner f\u00fcr Gravuren aller Art in der Region\",\"publisher\":{\"@id\":\"https:\\\/\\\/vogt-gravuren.ch\\\/#organization\"},\"potentialAction\":[{\"@type\":\"SearchAction\",\"target\":{\"@type\":\"EntryPoint\",\"urlTemplate\":\"https:\\\/\\\/vogt-gravuren.ch\\\/?s={search_term_string}\"},\"query-input\":{\"@type\":\"PropertyValueSpecification\",\"valueRequired\":true,\"valueName\":\"search_term_string\"}}],\"inLanguage\":\"de\"},{\"@type\":\"Organization\",\"@id\":\"https:\\\/\\\/vogt-gravuren.ch\\\/#organization\",\"name\":\"Vogt Gravuren\",\"url\":\"https:\\\/\\\/vogt-gravuren.ch\\\/\",\"logo\":{\"@type\":\"ImageObject\",\"inLanguage\":\"de\",\"@id\":\"https:\\\/\\\/vogt-gravuren.ch\\\/#\\\/schema\\\/logo\\\/image\\\/\",\"url\":\"https:\\\/\\\/vogt-gravuren.ch\\\/wp-content\\\/uploads\\\/2018\\\/10\\\/cropped-LogoGravuren.jpg\",\"contentUrl\":\"https:\\\/\\\/vogt-gravuren.ch\\\/wp-content\\\/uploads\\\/2018\\\/10\\\/cropped-LogoGravuren.jpg\",\"width\":1062,\"height\":250,\"caption\":\"Vogt Gravuren\"},\"image\":{\"@id\":\"https:\\\/\\\/vogt-gravuren.ch\\\/#\\\/schema\\\/logo\\\/image\\\/\"}}]}<\/script>\n<!-- \/ Yoast SEO plugin. -->","yoast_head_json":{"title":"Impressum - Vogt Gravuren","robots":{"index":"index","follow":"follow","max-snippet":"max-snippet:-1","max-image-preview":"max-image-preview:large","max-video-preview":"max-video-preview:-1"},"canonical":"https:\/\/vogt-gravuren.ch\/?page_id=302","og_locale":"de_DE","og_type":"article","og_title":"Impressum - Vogt Gravuren","og_description":"Kontakt-Adresse Vogt GravurenPetra VogtUntergasse 158854 GalgenenSchweiz E-Mail:info@vogt-gravuren.ch Vertretungsberechtigte Person(en) Petra Vogt Gesch\u00e4ftsf\u00fchrerin Eingetragener Firmenname:Vogt Gravuren Unternehmens-Nr (UID):CHE-245.982.092 Mehrwertsteuer-Nummernicht mehrwertsteuerpflichtig Haftungsausschluss Der Autor \u00fcbernimmt keinerlei Gew\u00e4hr hinsichtlich der inhaltlichen Richtigkeit, Genauigkeit, Aktualit\u00e4t, Zuverl\u00e4ssigkeit und Vollst\u00e4ndigkeit der Informationen.Haftungsanspr\u00fcche gegen den Autor wegen Sch\u00e4den materieller oder immaterieller Art, welche aus dem Zugriff oder der Nutzung bzw. Nichtnutzung der &hellip; \u201eImpressum\u201c weiterlesen","og_url":"https:\/\/vogt-gravuren.ch\/?page_id=302","og_site_name":"Vogt Gravuren","article_modified_time":"2022-08-06T06:03:33+00:00","twitter_card":"summary_large_image","twitter_misc":{"Gesch\u00e4tzte Lesezeit":"2\u00a0Minuten"},"schema":{"@context":"https:\/\/schema.org","@graph":[{"@type":"WebPage","@id":"https:\/\/vogt-gravuren.ch\/?page_id=302","url":"https:\/\/vogt-gravuren.ch\/?page_id=302","name":"Impressum - Vogt Gravuren","isPartOf":{"@id":"https:\/\/vogt-gravuren.ch\/#website"},"datePublished":"2021-12-27T13:12:00+00:00","dateModified":"2022-08-06T06:03:33+00:00","breadcrumb":{"@id":"https:\/\/vogt-gravuren.ch\/?page_id=302#breadcrumb"},"inLanguage":"de","potentialAction":[{"@type":"ReadAction","target":["https:\/\/vogt-gravuren.ch\/?page_id=302"]}]},{"@type":"BreadcrumbList","@id":"https:\/\/vogt-gravuren.ch\/?page_id=302#breadcrumb","itemListElement":[{"@type":"ListItem","position":1,"name":"Startseite","item":"https:\/\/vogt-gravuren.ch\/"},{"@type":"ListItem","position":2,"name":"Impressum"}]},{"@type":"WebSite","@id":"https:\/\/vogt-gravuren.ch\/#website","url":"https:\/\/vogt-gravuren.ch\/","name":"Vogt Gravuren","description":"Ihr zuverl\u00e4ssiger Partner f\u00fcr Gravuren aller Art in der Region","publisher":{"@id":"https:\/\/vogt-gravuren.ch\/#organization"},"potentialAction":[{"@type":"SearchAction","target":{"@type":"EntryPoint","urlTemplate":"https:\/\/vogt-gravuren.ch\/?s={search_term_string}"},"query-input":{"@type":"PropertyValueSpecification","valueRequired":true,"valueName":"search_term_string"}}],"inLanguage":"de"},{"@type":"Organization","@id":"https:\/\/vogt-gravuren.ch\/#organization","name":"Vogt Gravuren","url":"https:\/\/vogt-gravuren.ch\/","logo":{"@type":"ImageObject","inLanguage":"de","@id":"https:\/\/vogt-gravuren.ch\/#\/schema\/logo\/image\/","url":"https:\/\/vogt-gravuren.ch\/wp-content\/uploads\/2018\/10\/cropped-LogoGravuren.jpg","contentUrl":"https:\/\/vogt-gravuren.ch\/wp-content\/uploads\/2018\/10\/cropped-LogoGravuren.jpg","width":1062,"height":250,"caption":"Vogt Gravuren"},"image":{"@id":"https:\/\/vogt-gravuren.ch\/#\/schema\/logo\/image\/"}}]}},"_links":{"self":[{"href":"https:\/\/vogt-gravuren.ch\/index.php?rest_route=\/wp\/v2\/pages\/302","targetHints":{"allow":["GET"]}}],"collection":[{"href":"https:\/\/vogt-gravuren.ch\/index.php?rest_route=\/wp\/v2\/pages"}],"about":[{"href":"https:\/\/vogt-gravuren.ch\/index.php?rest_route=\/wp\/v2\/types\/page"}],"author":[{"embeddable":true,"href":"https:\/\/vogt-gravuren.ch\/index.php?rest_route=\/wp\/v2\/users\/1"}],"replies":[{"embeddable":true,"href":"https:\/\/vogt-gravuren.ch\/index.php?rest_route=%2Fwp%2Fv2%2Fcomments&post=302"}],"version-history":[{"count":9,"href":"https:\/\/vogt-gravuren.ch\/index.php?rest_route=\/wp\/v2\/pages\/302\/revisions"}],"predecessor-version":[{"id":330,"href":"https:\/\/vogt-gravuren.ch\/index.php?rest_route=\/wp\/v2\/pages\/302\/revisions\/330"}],"wp:attachment":[{"href":"https:\/\/vogt-gravuren.ch\/index.php?rest_route=%2Fwp%2Fv2%2Fmedia&parent=302"}],"curies":[{"name":"wp","href":"https:\/\/api.w.org\/{rel}","templated":true}]}}